{"id":391,"date":"2024-05-29T01:23:26","date_gmt":"2024-05-29T01:23:26","guid":{"rendered":"https:\/\/dchhk.com\/?page_id=391"},"modified":"2025-04-09T02:18:03","modified_gmt":"2025-04-09T02:18:03","slug":"ho-so-nang-luc","status":"publish","type":"page","link":"https:\/\/dchhk.com\/en\/ho-so-nang-luc\/","title":{"rendered":"H\u1ed2 S\u01a0 N\u0102NG L\u1ef0C"},"content":{"rendered":"<section class=\"section\" id=\"section_1580383481\">\n\t\t<div class=\"bg section-bg fill bg-fill  bg-loaded\" >\n\n\t\t\t\n\t\t\t\n\t\t\t\n\n\t\t<\/div><!-- .section-bg -->\n\n\t\t<div class=\"section-content relative\">\n\t\t\t\n\n\n  <div class=\"banner has-hover\" id=\"banner-708331169\">\n          <div class=\"banner-inner fill\">\n        <div class=\"banner-bg fill\" >\n            <div class=\"bg fill bg-fill\"><\/div>\n                        <div class=\"overlay\"><\/div>            \n                    <\/div><!-- bg-layers -->\n        <div class=\"banner-layers container\">\n            <div class=\"fill banner-link\"><\/div>            \n\n   <div id=\"text-box-784583826\" class=\"text-box banner-layer x0 md-x0 lg-x0 y95 md-y95 lg-y95 res-text\">\n                                <div class=\"text dark\">\n              \n              <div class=\"text-inner text-left\">\n                  \n\n<p>Trang ch\u1ee7 &gt; <span style=\"color: #c0c0c0;\">H\u1ed3 S\u01a1 N\u0103ng L\u1ef1c<\/span><\/p>\n\n              <\/div>\n           <\/div><!-- text-box-inner -->\n                            \n<style scope=\"scope\">\n\n#text-box-784583826 {\n  width: 94%;\n}\n#text-box-784583826 .text {\n  font-size: 100%;\n}\n\n\n@media (min-width:550px) {\n\n  #text-box-784583826 {\n    width: 33%;\n  }\n\n}\n<\/style>\n    <\/div><!-- text-box -->\n \n\n        <\/div><!-- .banner-layers -->\n      <\/div><!-- .banner-inner -->\n\n            \n<style scope=\"scope\">\n\n#banner-708331169 {\n  padding-top: 150px;\n}\n#banner-708331169 .bg.bg-loaded {\n  background-image: url(https:\/\/dchhk.com\/wp-content\/uploads\/2024\/05\/data-center-cung-cap-cho-to-chuc-mot-co-so-de-thu-thap-tai-nguyen-va-co-so-ha-tang-nham-thuc-hien-xu-ly-luu-tru-va-truyen-du-lieu.jpg);\n}\n#banner-708331169 .overlay {\n  background-color: rgba(0,0,0,.5);\n}\n#banner-708331169 .bg {\n  background-position: 62% 0%;\n}\n\n\n@media (min-width:550px) {\n\n  #banner-708331169 {\n    padding-top: 250px;\n  }\n\n}\n<\/style>\n  <\/div><!-- .banner -->\n\n\n\n\t\t<\/div><!-- .section-content -->\n\n\t\t\n<style scope=\"scope\">\n\n#section_1580383481 {\n  padding-top: 0px;\n  padding-bottom: 0px;\n  margin-bottom: 0px;\n}\n\n\n@media (min-width:550px) {\n\n  #section_1580383481 {\n    padding-top: 0px;\n    padding-bottom: 0px;\n  }\n\n}\n<\/style>\n\t<\/section>\n\t\n\t<section class=\"section\" id=\"section_1165972382\">\n\t\t<div class=\"bg section-bg fill bg-fill  bg-loaded\" >\n\n\t\t\t\n\t\t\t\n\t\t\t\n\n\t\t<\/div><!-- .section-bg -->\n\n\t\t<div class=\"section-content relative\">\n\t\t\t\n\n\t<div id=\"gap-472809234\" class=\"gap-element clearfix\" style=\"display:block; height:auto;\">\n\t\t\n<style scope=\"scope\">\n\n#gap-472809234 {\n  padding-top: 40px;\n}\n\n\n@media (min-width:550px) {\n\n  #gap-472809234 {\n    padding-top: 30px;\n  }\n\n}\n<\/style>\n\t<\/div>\n\t\n\n<div class=\"row\"  id=\"row-708864856\">\n\n<div class=\"col small-12 large-12\"  ><div class=\"col-inner\"  >\n\n<h2 style=\"text-align: center;\"><span style=\"color: #0f6939;\"><strong>DCH GROUP &#8211; H\u1ed2 S\u01a0 N\u0102NG L\u1ef0C<\/strong><\/span><\/h2>\n\n<\/div><\/div>\n\n<\/div>\n<div class=\"row\"  id=\"row-695416376\">\n\n<div class=\"col small-12 large-12\"  ><div class=\"col-inner\"  >\n\n[real3dflipbook id=&#8217;1&#8242;]\n\n<\/div><\/div>\n\n<\/div>\n\n\t\t<\/div><!-- .section-content -->\n\n\t\t\n<style scope=\"scope\">\n\n#section_1165972382 {\n  padding-top: 0px;\n  padding-bottom: 0px;\n}\n\n\n@media (min-width:550px) {\n\n  #section_1165972382 {\n    padding-top: 0px;\n    padding-bottom: 0px;\n  }\n\n}\n<\/style>\n\t<\/section>\n\t\n\t<div id=\"gap-1559261198\" class=\"gap-element clearfix\" style=\"display:block; height:auto;\">\n\t\t\n<style scope=\"scope\">\n\n#gap-1559261198 {\n  padding-top: 59px;\n}\n<\/style>\n\t<\/div>\n\t\n\n<div class=\"row row-collapse row-h2 show-for-medium\"  id=\"row-966222862\">\n\n<div class=\"col small-12 large-12\"  ><div class=\"col-inner\"  >\n\n<h2 style=\"text-align: center;\"><span style=\"color: #000000;\"><strong>H\u1ed2 S\u01a0 N\u0102NG L\u1ef0C<\/strong><\/span><\/h2>\n\n<\/div><\/div>\n\n\n<style scope=\"scope\">\n\n<\/style>\n<\/div>\n\n\t<div id=\"gap-194397773\" class=\"gap-element clearfix\" style=\"display:block; height:auto;\">\n\t\t\n<style scope=\"scope\">\n\n#gap-194397773 {\n  padding-top: 59px;\n}\n<\/style>\n\t<\/div>\n\t\n\n\t<section class=\"section section-custom1\" id=\"section_1331284222\">\n\t\t<div class=\"bg section-bg fill bg-fill\" >\n\n\t\t\t\n\t\t\t<div class=\"section-bg-overlay absolute fill\"><\/div>\n\t\t\t\n\n\t\t<\/div><!-- .section-bg -->\n\n\t\t<div class=\"section-content relative\">\n\t\t\t\n\n<div class=\"row align-middle\"  id=\"row-887731301\">\n\n<div class=\"col hide-for-small medium-6 small-12 large-6\"  ><div class=\"col-inner\"  >\n\n<h4 class=\"mb-0\"><span style=\"color: #0f6939;\">\u0110\u0102NG K\u00dd NH\u1eacN NEWSLETTER \u2013 DCH GROUP<\/span><\/h4>\n<p class=\"mb-0\"><span style=\"color: #0f6939;\">H\u00e3y \u0111\u1ed3ng h\u00e0nh tr\u00ean con \u0111\u01b0\u1eddng ph\u00e1t tri\u1ec3n c\u1ee7a ch\u00fang t\u00f4i<\/span><\/p>\n\n<\/div><\/div>\n<div class=\"col show-for-small medium-6 small-12 large-6\"  ><div class=\"col-inner\" style=\"padding:0px 15px 0px 15px;\" >\n\n<h5 class=\"mb-0\" style=\"text-align: left;\"><span style=\"color: #0f6939; font-size: 95%;\">\u0110\u0102NG K\u00dd NH\u1eacN NEWSLETTER \u2013 DCH GROUP<\/span><\/h5>\n<p class=\"mb-0\"><span style=\"color: #0f6939; font-size: 90%;\">H\u00e3y \u0111\u1ed3ng h\u00e0nh tr\u00ean con \u0111\u01b0\u1eddng ph\u00e1t tri\u1ec3n c\u1ee7a ch\u00fang t\u00f4i<\/span><\/p>\n\n<\/div><\/div>\n<div class=\"col medium-6 small-12 large-6\"  ><div class=\"col-inner\" style=\"padding:15px 13px 0px 15px;\" >\n\n[contact-form-7 id=&#8221;456&#8243;]\n\n\n<\/div><\/div>\n\n\n<style scope=\"scope\">\n\n<\/style>\n<\/div>\n\n\t\t<\/div><!-- .section-content -->\n\n\t\t\n<style scope=\"scope\">\n\n#section_1331284222 {\n  padding-top: 20px;\n  padding-bottom: 20px;\n  background-color: rgba(15, 105, 57, 0.4);\n}\n#section_1331284222 .section-bg-overlay {\n  background-color: rgba(41, 224, 104, 0.15);\n}\n#section_1331284222 .section-bg.bg-loaded {\n  background-image: 4163;\n}\n#section_1331284222 .section-bg {\n  background-position: 46% 0%;\n}\n<\/style>\n\t<\/section>","protected":false},"excerpt":{"rendered":"","protected":false},"author":1,"featured_media":0,"parent":0,"menu_order":0,"comment_status":"closed","ping_status":"closed","template":"page-transparent-header.php","meta":{"_monsterinsights_skip_tracking":false,"_monsterinsights_sitenote_active":false,"_monsterinsights_sitenote_note":"","_monsterinsights_sitenote_category":0,"footnotes":""},"class_list":["post-391","page","type-page","status-publish","hentry"],"_links":{"self":[{"href":"https:\/\/dchhk.com\/en\/wp-json\/wp\/v2\/pages\/391","targetHints":{"allow":["GET"]}}],"collection":[{"href":"https:\/\/dchhk.com\/en\/wp-json\/wp\/v2\/pages"}],"about":[{"href":"https:\/\/dchhk.com\/en\/wp-json\/wp\/v2\/types\/page"}],"author":[{"embeddable":true,"href":"https:\/\/dchhk.com\/en\/wp-json\/wp\/v2\/users\/1"}],"replies":[{"embeddable":true,"href":"https:\/\/dchhk.com\/en\/wp-json\/wp\/v2\/comments?post=391"}],"version-history":[{"count":39,"href":"https:\/\/dchhk.com\/en\/wp-json\/wp\/v2\/pages\/391\/revisions"}],"predecessor-version":[{"id":6587,"href":"https:\/\/dchhk.com\/en\/wp-json\/wp\/v2\/pages\/391\/revisions\/6587"}],"wp:attachment":[{"href":"https:\/\/dchhk.com\/en\/wp-json\/wp\/v2\/media?parent=391"}],"curies":[{"name":"wp","href":"https:\/\/api.w.org\/{rel}","templated":true}]}}